{"id":10831,"date":"2025-12-03T12:37:17","date_gmt":"2025-12-03T11:37:17","guid":{"rendered":"https:\/\/www.iparragirre.org\/aula-de-apoyo\/"},"modified":"2025-12-03T12:41:16","modified_gmt":"2025-12-03T11:41:16","slug":"aula-de-apoyo","status":"publish","type":"page","link":"https:\/\/www.iparragirre.org\/es\/proyecto-educativo\/aula-de-apoyo\/","title":{"rendered":"Aula de apoyo"},"content":{"rendered":"\t\t<div data-elementor-type=\"wp-page\" data-elementor-id=\"10831\" class=\"elementor elementor-10831\" data-elementor-settings=\"[]\">\n\t\t\t\t\t\t<div class=\"elementor-inner\">\n\t\t\t\t\t\t\t<div class=\"elementor-section-wrap\">\n\t\t\t\t\t\t\t<section class=\"elementor-section elementor-top-section elementor-element elementor-element-0c7d546 elementor-section-boxed elementor-section-height-default elementor-section-height-default\" data-id=\"0c7d546\" data-element_type=\"section\">\n\t\t\t\t\t\t<div class=\"elementor-container elementor-column-gap-default\">\n\t\t\t\t\t\t\t<div class=\"elementor-row\">\n\t\t\t\t\t<div class=\"elementor-column elementor-col-100 elementor-top-column elementor-element elementor-element-4a9038c\" data-id=\"4a9038c\" data-element_type=\"column\">\n\t\t\t<div class=\"elementor-column-wrap elementor-element-populated\">\n\t\t\t\t\t\t\t<div class=\"elementor-widget-wrap\">\n\t\t\t\t\t\t<div class=\"elementor-element elementor-element-98bed49 elementor-widget elementor-widget-heading\" data-id=\"98bed49\" data-element_type=\"widget\" data-widget_type=\"heading.default\">\n\t\t\t\t<div class=\"elementor-widget-container\">\n\t\t\t<h2 class=\"elementor-heading-title elementor-size-default\">Aula de apoyo<\/h2>\t\t<\/div>\n\t\t\t\t<\/div>\n\t\t\t\t<section class=\"elementor-section elementor-inner-section elementor-element elementor-element-7bf061b elementor-section-boxed elementor-section-height-default elementor-section-height-default\" data-id=\"7bf061b\" data-element_type=\"section\">\n\t\t\t\t\t\t<div class=\"elementor-container elementor-column-gap-default\">\n\t\t\t\t\t\t\t<div class=\"elementor-row\">\n\t\t\t\t\t<div class=\"elementor-column elementor-col-33 elementor-inner-column elementor-element elementor-element-961f2ec\" data-id=\"961f2ec\" data-element_type=\"column\">\n\t\t\t<div class=\"elementor-column-wrap elementor-element-populated\">\n\t\t\t\t\t\t\t<div class=\"elementor-widget-wrap\">\n\t\t\t\t\t\t<div class=\"elementor-element elementor-element-e11a831 elementor-widget elementor-widget-image\" data-id=\"e11a831\" data-element_type=\"widget\" data-widget_type=\"image.default\">\n\t\t\t\t<div class=\"elementor-widget-container\">\n\t\t\t\t\t\t\t\t<div class=\"elementor-image\">\n\t\t\t\t\t\t\t\t\t\t\t\t<img width=\"300\" height=\"400\" src=\"https:\/\/www.iparragirre.org\/wp-content\/uploads\/2025\/12\/1.jpg\" class=\"attachment-large size-large\" alt=\"\" loading=\"lazy\" srcset=\"https:\/\/www.iparragirre.org\/wp-content\/uploads\/2025\/12\/1.jpg 300w, https:\/\/www.iparragirre.org\/wp-content\/uploads\/2025\/12\/1-225x300.jpg 225w\" sizes=\"(max-width: 300px) 100vw, 300px\" \/>\t\t\t\t\t\t\t\t\t\t\t\t\t\t<\/div>\n\t\t\t\t\t\t<\/div>\n\t\t\t\t<\/div>\n\t\t\t\t\t\t<\/div>\n\t\t\t\t\t<\/div>\n\t\t<\/div>\n\t\t\t\t<div class=\"elementor-column elementor-col-33 elementor-inner-column elementor-element elementor-element-aa5e587\" data-id=\"aa5e587\" data-element_type=\"column\">\n\t\t\t<div class=\"elementor-column-wrap elementor-element-populated\">\n\t\t\t\t\t\t\t<div class=\"elementor-widget-wrap\">\n\t\t\t\t\t\t<div class=\"elementor-element elementor-element-f04cf88 elementor-widget elementor-widget-image\" data-id=\"f04cf88\" data-element_type=\"widget\" data-widget_type=\"image.default\">\n\t\t\t\t<div class=\"elementor-widget-container\">\n\t\t\t\t\t\t\t\t<div class=\"elementor-image\">\n\t\t\t\t\t\t\t\t\t\t\t\t<img width=\"300\" height=\"400\" src=\"https:\/\/www.iparragirre.org\/wp-content\/uploads\/2025\/12\/2.jpg\" class=\"attachment-large size-large\" alt=\"\" loading=\"lazy\" srcset=\"https:\/\/www.iparragirre.org\/wp-content\/uploads\/2025\/12\/2.jpg 300w, https:\/\/www.iparragirre.org\/wp-content\/uploads\/2025\/12\/2-225x300.jpg 225w\" sizes=\"(max-width: 300px) 100vw, 300px\" \/>\t\t\t\t\t\t\t\t\t\t\t\t\t\t<\/div>\n\t\t\t\t\t\t<\/div>\n\t\t\t\t<\/div>\n\t\t\t\t\t\t<\/div>\n\t\t\t\t\t<\/div>\n\t\t<\/div>\n\t\t\t\t<div class=\"elementor-column elementor-col-33 elementor-inner-column elementor-element elementor-element-f513f4f\" data-id=\"f513f4f\" data-element_type=\"column\">\n\t\t\t<div class=\"elementor-column-wrap elementor-element-populated\">\n\t\t\t\t\t\t\t<div class=\"elementor-widget-wrap\">\n\t\t\t\t\t\t<div class=\"elementor-element elementor-element-fc21808 elementor-widget elementor-widget-image\" data-id=\"fc21808\" data-element_type=\"widget\" data-widget_type=\"image.default\">\n\t\t\t\t<div class=\"elementor-widget-container\">\n\t\t\t\t\t\t\t\t<div class=\"elementor-image\">\n\t\t\t\t\t\t\t\t\t\t\t\t<img width=\"300\" height=\"400\" src=\"https:\/\/www.iparragirre.org\/wp-content\/uploads\/2025\/12\/3.jpg\" class=\"attachment-large size-large\" alt=\"\" loading=\"lazy\" srcset=\"https:\/\/www.iparragirre.org\/wp-content\/uploads\/2025\/12\/3.jpg 300w, https:\/\/www.iparragirre.org\/wp-content\/uploads\/2025\/12\/3-225x300.jpg 225w\" sizes=\"(max-width: 300px) 100vw, 300px\" \/>\t\t\t\t\t\t\t\t\t\t\t\t\t\t<\/div>\n\t\t\t\t\t\t<\/div>\n\t\t\t\t<\/div>\n\t\t\t\t\t\t<\/div>\n\t\t\t\t\t<\/div>\n\t\t<\/div>\n\t\t\t\t\t\t\t\t<\/div>\n\t\t\t\t\t<\/div>\n\t\t<\/section>\n\t\t\t\t<section class=\"elementor-section elementor-inner-section elementor-element elementor-element-70b8cc3 elementor-section-boxed elementor-section-height-default elementor-section-height-default\" data-id=\"70b8cc3\" data-element_type=\"section\">\n\t\t\t\t\t\t<div class=\"elementor-container elementor-column-gap-default\">\n\t\t\t\t\t\t\t<div class=\"elementor-row\">\n\t\t\t\t\t<div class=\"elementor-column elementor-col-100 elementor-inner-column elementor-element elementor-element-4ac1a49\" data-id=\"4ac1a49\" data-element_type=\"column\">\n\t\t\t<div class=\"elementor-column-wrap elementor-element-populated\">\n\t\t\t\t\t\t\t<div class=\"elementor-widget-wrap\">\n\t\t\t\t\t\t<div class=\"elementor-element elementor-element-d8092b1 elementor-widget elementor-widget-text-editor\" data-id=\"d8092b1\" data-element_type=\"widget\" data-widget_type=\"text-editor.default\">\n\t\t\t\t<div class=\"elementor-widget-container\">\n\t\t\t\t\t\t\t\t<div class=\"elementor-text-editor elementor-clearfix\">\n\t\t\t\t<p>\n\n\n\t\n\t\n\t\n\t\n\n<\/p><p align=\"center\" style=\"line-height: 180%; orphans: 2; widows: 2; margin-bottom: 0.35cm; background: #ffffff\">\n<u>ATENCI\u00d3N A LA DIVERSIDAD<\/u><\/p>\n<p align=\"justify\" style=\"line-height: 180%; orphans: 2; widows: 2; margin-bottom: 0.35cm; background: #ffffff\">\nEn Iparragirre ikastola tenemos claro que <b>cada ni\u00f1o y ni\u00f1a es\n\u00fanico<\/b> y que es importante garantizar su <b>presencia,\nparticipaci\u00f3n y \u00e9xito<\/b>; es decir, su <b>inclusi\u00f3n<\/b>. Para\nello, teniendo en cuenta sus necesidades del d\u00eda a d\u00eda, les\nofrecemos las estrategias y recursos que sean necesarios. Ponemos en\nfoco en sus capacidades y trabajamos de forma conjunta con la familia\ny distintos profesionales (logopeda, fisioterapeuta, terapeuta\nocupacional\u2026) con el fin de ofrecer una intervenci\u00f3n que sea\nefectiva y significativa. En estas \u00faltimas, se ofrecen diferentes\nrecursos (visuales: pictogramas, im\u00e1genes\u2026, f\u00edsicos: andador,\nmobiliario adaptado\u2026) garantizando as\u00ed su accesibilidad.<\/p>\n<p align=\"justify\" style=\"line-height: 180%; orphans: 2; widows: 2; margin-bottom: 0.35cm; background: #ffffff\">\nAsimismo, creemos en los beneficios que puede traer consigo <b>la\ndetecci\u00f3n temprana<\/b> de las necesidades de nuestro alumnado. Para\nllevar a cabo dicho proceso, el Departamento de Orientaci\u00f3n no solo\nesta formado por <b>Especialistas de Apoyo Educativo (EAE)<\/b>, sino\ntambi\u00e9n por <b>Pedagogas Terap\u00e9uticas (PT)<\/b>. Ante tales\nsituaciones, tenemos clara la importancia de acompa\u00f1ar en el d\u00eda a\nd\u00eda a las familias.<\/p>\n\n<p><style type=\"text\/css\">p { line-height: 115%; margin-bottom: 0.25cm; background: transparent }<\/style><\/p>\t\t\t\t\t<\/div>\n\t\t\t\t\t\t<\/div>\n\t\t\t\t<\/div>\n\t\t\t\t\t\t<\/div>\n\t\t\t\t\t<\/div>\n\t\t<\/div>\n\t\t\t\t\t\t\t\t<\/div>\n\t\t\t\t\t<\/div>\n\t\t<\/section>\n\t\t\t\t\t\t<\/div>\n\t\t\t\t\t<\/div>\n\t\t<\/div>\n\t\t\t\t\t\t\t\t<\/div>\n\t\t\t\t\t<\/div>\n\t\t<\/section>\n\t\t\t\t\t\t<\/div>\n\t\t\t\t\t\t<\/div>\n\t\t\t\t\t<\/div>\n\t\t","protected":false},"excerpt":{"rendered":"<p>Aula de apoyo ATENCI\u00d3N A LA DIVERSIDAD En Iparragirre ikastola tenemos claro que cada ni\u00f1o y ni\u00f1a es \u00fanico y que es importante garantizar su presencia, participaci\u00f3n y \u00e9xito; es [&hellip;]<\/p>\n","protected":false},"author":1,"featured_media":0,"parent":658,"menu_order":0,"comment_status":"closed","ping_status":"closed","template":"","meta":{"ngg_post_thumbnail":0},"_links":{"self":[{"href":"https:\/\/www.iparragirre.org\/es\/wp-json\/wp\/v2\/pages\/10831"}],"collection":[{"href":"https:\/\/www.iparragirre.org\/es\/wp-json\/wp\/v2\/pages"}],"about":[{"href":"https:\/\/www.iparragirre.org\/es\/wp-json\/wp\/v2\/types\/page"}],"author":[{"embeddable":true,"href":"https:\/\/www.iparragirre.org\/es\/wp-json\/wp\/v2\/users\/1"}],"replies":[{"embeddable":true,"href":"https:\/\/www.iparragirre.org\/es\/wp-json\/wp\/v2\/comments?post=10831"}],"version-history":[{"count":1,"href":"https:\/\/www.iparragirre.org\/es\/wp-json\/wp\/v2\/pages\/10831\/revisions"}],"predecessor-version":[{"id":10832,"href":"https:\/\/www.iparragirre.org\/es\/wp-json\/wp\/v2\/pages\/10831\/revisions\/10832"}],"up":[{"embeddable":true,"href":"https:\/\/www.iparragirre.org\/es\/wp-json\/wp\/v2\/pages\/658"}],"wp:attachment":[{"href":"https:\/\/www.iparragirre.org\/es\/wp-json\/wp\/v2\/media?parent=10831"}],"curies":[{"name":"wp","href":"https:\/\/api.w.org\/{rel}","templated":true}]}}