{"id":10890,"date":"2025-12-03T12:48:00","date_gmt":"2025-12-03T11:48:00","guid":{"rendered":"https:\/\/www.iparragirre.org\/proyecto-educativo\/musika\/"},"modified":"2025-12-03T13:16:16","modified_gmt":"2025-12-03T12:16:16","slug":"musica","status":"publish","type":"page","link":"https:\/\/www.iparragirre.org\/es\/proyecto-educativo\/musica\/","title":{"rendered":"Musica"},"content":{"rendered":"\t\t<div data-elementor-type=\"wp-page\" data-elementor-id=\"10890\" class=\"elementor elementor-10890\" data-elementor-settings=\"[]\">\n\t\t\t\t\t\t<div class=\"elementor-inner\">\n\t\t\t\t\t\t\t<div class=\"elementor-section-wrap\">\n\t\t\t\t\t\t\t<section class=\"elementor-section elementor-top-section elementor-element elementor-element-5d4ad66 elementor-section-boxed elementor-section-height-default elementor-section-height-default\" data-id=\"5d4ad66\" data-element_type=\"section\">\n\t\t\t\t\t\t<div class=\"elementor-container elementor-column-gap-default\">\n\t\t\t\t\t\t\t<div class=\"elementor-row\">\n\t\t\t\t\t<div class=\"elementor-column elementor-col-100 elementor-top-column elementor-element elementor-element-651e0a5\" data-id=\"651e0a5\" data-element_type=\"column\">\n\t\t\t<div class=\"elementor-column-wrap elementor-element-populated\">\n\t\t\t\t\t\t\t<div class=\"elementor-widget-wrap\">\n\t\t\t\t\t\t<div class=\"elementor-element elementor-element-8467bb0 elementor-widget elementor-widget-heading\" data-id=\"8467bb0\" data-element_type=\"widget\" data-widget_type=\"heading.default\">\n\t\t\t\t<div class=\"elementor-widget-container\">\n\t\t\t<h2 class=\"elementor-heading-title elementor-size-default\">M\u00fasica<\/h2>\t\t<\/div>\n\t\t\t\t<\/div>\n\t\t\t\t<section class=\"elementor-section elementor-inner-section elementor-element elementor-element-f26038e elementor-section-boxed elementor-section-height-default elementor-section-height-default\" data-id=\"f26038e\" data-element_type=\"section\">\n\t\t\t\t\t\t<div class=\"elementor-container elementor-column-gap-default\">\n\t\t\t\t\t\t\t<div class=\"elementor-row\">\n\t\t\t\t\t<div class=\"elementor-column elementor-col-100 elementor-inner-column elementor-element elementor-element-b124d75\" data-id=\"b124d75\" data-element_type=\"column\">\n\t\t\t<div class=\"elementor-column-wrap elementor-element-populated\">\n\t\t\t\t\t\t\t<div class=\"elementor-widget-wrap\">\n\t\t\t\t\t\t<div class=\"elementor-element elementor-element-9d34502 elementor-skin-slideshow elementor-aspect-ratio-219 elementor-arrows-yes elementor-widget elementor-widget-media-carousel\" data-id=\"9d34502\" data-element_type=\"widget\" data-settings=\"{&quot;speed&quot;:800,&quot;skin&quot;:&quot;slideshow&quot;,&quot;effect&quot;:&quot;slide&quot;,&quot;show_arrows&quot;:&quot;yes&quot;,&quot;autoplay&quot;:&quot;yes&quot;,&quot;autoplay_speed&quot;:5000,&quot;loop&quot;:&quot;yes&quot;,&quot;pause_on_hover&quot;:&quot;yes&quot;,&quot;pause_on_interaction&quot;:&quot;yes&quot;,&quot;space_between&quot;:{&quot;unit&quot;:&quot;px&quot;,&quot;size&quot;:10,&quot;sizes&quot;:[]},&quot;space_between_tablet&quot;:{&quot;unit&quot;:&quot;px&quot;,&quot;size&quot;:10,&quot;sizes&quot;:[]},&quot;space_between_mobile&quot;:{&quot;unit&quot;:&quot;px&quot;,&quot;size&quot;:10,&quot;sizes&quot;:[]}}\" data-widget_type=\"media-carousel.default\">\n\t\t\t\t<div class=\"elementor-widget-container\">\n\t\t\t\t\t<div class=\"elementor-swiper\">\n\t\t\t<div class=\"elementor-main-swiper swiper-container\">\n\t\t\t\t<div class=\"swiper-wrapper\">\n\t\t\t\t\t\t\t\t\t\t\t<div class=\"swiper-slide\">\n\t\t\t\t\t\t\t\t\t<div class=\"elementor-carousel-image\" style=\"background-image: url(https:\/\/www.iparragirre.org\/wp-content\/uploads\/2025\/12\/5.jpg)\">\n\t\t\t\t\t<\/div>\n\t\t\t\t\t\t\t\t<\/div>\n\t\t\t\t\t\t\t\t\t\t\t<div class=\"swiper-slide\">\n\t\t\t\t\t\t\t\t\t<div class=\"elementor-carousel-image\" style=\"background-image: url(https:\/\/www.iparragirre.org\/wp-content\/uploads\/2025\/12\/1-1.jpg)\">\n\t\t\t\t\t<\/div>\n\t\t\t\t\t\t\t\t<\/div>\n\t\t\t\t\t\t\t\t\t\t\t<div class=\"swiper-slide\">\n\t\t\t\t\t\t\t\t\t<div class=\"elementor-carousel-image\" style=\"background-image: url(https:\/\/www.iparragirre.org\/wp-content\/uploads\/2025\/12\/4.jpg)\">\n\t\t\t\t\t<\/div>\n\t\t\t\t\t\t\t\t<\/div>\n\t\t\t\t\t\t\t\t\t\t\t<div class=\"swiper-slide\">\n\t\t\t\t\t\t\t\t\t<div class=\"elementor-carousel-image\" style=\"background-image: url(https:\/\/www.iparragirre.org\/wp-content\/uploads\/2025\/12\/3-1.jpg)\">\n\t\t\t\t\t<\/div>\n\t\t\t\t\t\t\t\t<\/div>\n\t\t\t\t\t\t\t\t\t\t\t<div class=\"swiper-slide\">\n\t\t\t\t\t\t\t\t\t<div class=\"elementor-carousel-image\" style=\"background-image: url(https:\/\/www.iparragirre.org\/wp-content\/uploads\/2025\/12\/2-1.jpg)\">\n\t\t\t\t\t<\/div>\n\t\t\t\t\t\t\t\t<\/div>\n\t\t\t\t\t\t\t\t\t\t\t<div class=\"swiper-slide\">\n\t\t\t\t\t\t\t\t\t<div class=\"elementor-carousel-image\" style=\"background-image: url(https:\/\/www.iparragirre.org\/wp-content\/uploads\/2025\/12\/8.jpg)\">\n\t\t\t\t\t<\/div>\n\t\t\t\t\t\t\t\t<\/div>\n\t\t\t\t\t\t\t\t\t\t\t<div class=\"swiper-slide\">\n\t\t\t\t\t\t\t\t\t<div class=\"elementor-carousel-image\" style=\"background-image: url(https:\/\/www.iparragirre.org\/wp-content\/uploads\/2025\/12\/9.jpg)\">\n\t\t\t\t\t<\/div>\n\t\t\t\t\t\t\t\t<\/div>\n\t\t\t\t\t\t\t\t\t\t\t<div class=\"swiper-slide\">\n\t\t\t\t\t\t\t\t\t<div class=\"elementor-carousel-image\" style=\"background-image: url(https:\/\/www.iparragirre.org\/wp-content\/uploads\/2025\/12\/7.jpg)\">\n\t\t\t\t\t<\/div>\n\t\t\t\t\t\t\t\t<\/div>\n\t\t\t\t\t\t\t\t\t<\/div>\n\t\t\t\t\t\t\t\t\t\t\t\t\t\t\t\t\t\t\t\t<div class=\"elementor-swiper-button elementor-swiper-button-prev\">\n\t\t\t\t\t\t\t<i aria-hidden=\"true\" class=\"eicon-chevron-left\"><\/i>\t\t\t\t\t\t\t<span class=\"elementor-screen-only\">Previous<\/span>\n\t\t\t\t\t\t<\/div>\n\t\t\t\t\t\t<div class=\"elementor-swiper-button elementor-swiper-button-next\">\n\t\t\t\t\t\t\t<i aria-hidden=\"true\" class=\"eicon-chevron-right\"><\/i>\t\t\t\t\t\t\t<span class=\"elementor-screen-only\">Next<\/span>\n\t\t\t\t\t\t<\/div>\n\t\t\t\t\t\t\t\t\t\t\t\t<\/div>\n\t\t<\/div>\n\t\t\t\t<div class=\"elementor-swiper\">\n\t\t\t<div class=\"elementor-thumbnails-swiper swiper-container\">\n\t\t\t\t<div class=\"swiper-wrapper\">\n\t\t\t\t\t\t\t\t\t\t\t<div class=\"swiper-slide\">\n\t\t\t\t\t\t\t\t\t<div class=\"elementor-fit-aspect-ratio elementor-carousel-image\" style=\"background-image: url(https:\/\/www.iparragirre.org\/wp-content\/uploads\/2025\/12\/5.jpg)\">\n\t\t\t\t\t<\/div>\n\t\t\t\t\t\t\t\t<\/div>\n\t\t\t\t\t\t\t\t\t\t\t<div class=\"swiper-slide\">\n\t\t\t\t\t\t\t\t\t<div class=\"elementor-fit-aspect-ratio elementor-carousel-image\" style=\"background-image: url(https:\/\/www.iparragirre.org\/wp-content\/uploads\/2025\/12\/1-1.jpg)\">\n\t\t\t\t\t<\/div>\n\t\t\t\t\t\t\t\t<\/div>\n\t\t\t\t\t\t\t\t\t\t\t<div class=\"swiper-slide\">\n\t\t\t\t\t\t\t\t\t<div class=\"elementor-fit-aspect-ratio elementor-carousel-image\" style=\"background-image: url(https:\/\/www.iparragirre.org\/wp-content\/uploads\/2025\/12\/4.jpg)\">\n\t\t\t\t\t<\/div>\n\t\t\t\t\t\t\t\t<\/div>\n\t\t\t\t\t\t\t\t\t\t\t<div class=\"swiper-slide\">\n\t\t\t\t\t\t\t\t\t<div class=\"elementor-fit-aspect-ratio elementor-carousel-image\" style=\"background-image: url(https:\/\/www.iparragirre.org\/wp-content\/uploads\/2025\/12\/3-1.jpg)\">\n\t\t\t\t\t<\/div>\n\t\t\t\t\t\t\t\t<\/div>\n\t\t\t\t\t\t\t\t\t\t\t<div class=\"swiper-slide\">\n\t\t\t\t\t\t\t\t\t<div class=\"elementor-fit-aspect-ratio elementor-carousel-image\" style=\"background-image: url(https:\/\/www.iparragirre.org\/wp-content\/uploads\/2025\/12\/2-1.jpg)\">\n\t\t\t\t\t<\/div>\n\t\t\t\t\t\t\t\t<\/div>\n\t\t\t\t\t\t\t\t\t\t\t<div class=\"swiper-slide\">\n\t\t\t\t\t\t\t\t\t<div class=\"elementor-fit-aspect-ratio elementor-carousel-image\" style=\"background-image: url(https:\/\/www.iparragirre.org\/wp-content\/uploads\/2025\/12\/8.jpg)\">\n\t\t\t\t\t<\/div>\n\t\t\t\t\t\t\t\t<\/div>\n\t\t\t\t\t\t\t\t\t\t\t<div class=\"swiper-slide\">\n\t\t\t\t\t\t\t\t\t<div class=\"elementor-fit-aspect-ratio elementor-carousel-image\" style=\"background-image: url(https:\/\/www.iparragirre.org\/wp-content\/uploads\/2025\/12\/9.jpg)\">\n\t\t\t\t\t<\/div>\n\t\t\t\t\t\t\t\t<\/div>\n\t\t\t\t\t\t\t\t\t\t\t<div class=\"swiper-slide\">\n\t\t\t\t\t\t\t\t\t<div class=\"elementor-fit-aspect-ratio elementor-carousel-image\" style=\"background-image: url(https:\/\/www.iparragirre.org\/wp-content\/uploads\/2025\/12\/7.jpg)\">\n\t\t\t\t\t<\/div>\n\t\t\t\t\t\t\t\t<\/div>\n\t\t\t\t\t\t\t\t\t<\/div>\n\t\t\t\t\t\t\t\t\t\t\t\t\t\t\t\t\t\t\t\t\t<\/div>\n\t\t<\/div>\n\t\t\t\t<\/div>\n\t\t\t\t<\/div>\n\t\t\t\t<div class=\"elementor-element elementor-element-ed30da9 elementor-widget elementor-widget-text-editor\" data-id=\"ed30da9\" data-element_type=\"widget\" data-widget_type=\"text-editor.default\">\n\t\t\t\t<div class=\"elementor-widget-container\">\n\t\t\t\t\t\t\t\t<div class=\"elementor-text-editor elementor-clearfix\">\n\t\t\t\tSabiendo que la educaci\u00f3n musical es una herramienta incre\u00edble para el desarrollo psicomotor, cognitivo y emocional de nuestros alumn@s, hemos querido convertir la m\u00fasica en uno de los ejes de la educaci\u00f3n que les ofrecemos en la Ikastola. \n\nPartiendo de las emociones y sentimientos de nuestro alumnado, utilizaremos la m\u00fasica c\u00f3mo camino de expresi\u00f3n. Lo trabajaremos en las clases de m\u00fasica. Nos damos cuenta de la importancia que tiene la educaci\u00f3n musical para nuestro alumnado. Un medio de poder expresar nuestras emociones y sentimientos, utilizando elementos como la voz, la instrumentaci\u00f3n, la danza, la representaci\u00f3n corporal, la respiraci\u00f3n&#8230; \t\t\t\t\t<\/div>\n\t\t\t\t\t\t<\/div>\n\t\t\t\t<\/div>\n\t\t\t\t\t\t<\/div>\n\t\t\t\t\t<\/div>\n\t\t<\/div>\n\t\t\t\t\t\t\t\t<\/div>\n\t\t\t\t\t<\/div>\n\t\t<\/section>\n\t\t\t\t<div class=\"elementor-element elementor-element-e2de47b elementor-widget elementor-widget-toggle\" data-id=\"e2de47b\" data-element_type=\"widget\" data-widget_type=\"toggle.default\">\n\t\t\t\t<div class=\"elementor-widget-container\">\n\t\t\t\t\t<div class=\"elementor-toggle\" role=\"tablist\">\n\t\t\t\t\t\t\t<div class=\"elementor-toggle-item\">\n\t\t\t\t\t<div id=\"elementor-tab-title-2371\" class=\"elementor-tab-title\" data-tab=\"1\" role=\"tab\" aria-controls=\"elementor-tab-content-2371\" aria-expanded=\"false\">\n\t\t\t\t\t\t\t\t\t\t\t\t<span class=\"elementor-toggle-icon elementor-toggle-icon-left\" aria-hidden=\"true\">\n\t\t\t\t\t\t\t\t\t\t\t\t\t\t\t<span class=\"elementor-toggle-icon-closed\"><i class=\"fas fa-caret-right\"><\/i><\/span>\n\t\t\t\t\t\t\t\t<span class=\"elementor-toggle-icon-opened\"><i class=\"elementor-toggle-icon-opened fas fa-caret-up\"><\/i><\/span>\n\t\t\t\t\t\t\t\t\t\t\t\t\t<\/span>\n\t\t\t\t\t\t\t\t\t\t\t\t<a href=\"\" class=\"elementor-toggle-title\">OBJETIVOS GENERALES:<\/a>\n\t\t\t\t\t<\/div>\n\n\t\t\t\t\t<div id=\"elementor-tab-content-2371\" class=\"elementor-tab-content elementor-clearfix\" data-tab=\"1\" role=\"tabpanel\" aria-labelledby=\"elementor-tab-title-2371\"><ol><li><p align=\"justify\"><span style=\"font-size: medium;\">Desarrollar la m\u00fasica como medio de comunicaci\u00f3n y expresi\u00f3n, utilizando juegos r\u00edtmicos, la danza, el movimiento y la expresi\u00f3n corporal, y la voz.<\/span><\/p><\/li><li><p align=\"justify\"><span style=\"font-size: medium;\">Acercar al alumnado al mundo de la m\u00fasica, ayudar a adentrarse en el mundo de la sensibilizaci\u00f3n musical, junto al inter\u00e9s y el aprecio a la educaci\u00f3n musical.<\/span><\/p><\/li><li><p align=\"justify\"><span style=\"font-size: medium;\">Utilizar la voz y el cuerpo como medio de comunicaci\u00f3n y expresi\u00f3n musical.<\/span><\/p><\/li><li><p align=\"justify\"><span style=\"font-size: medium;\">Conocer diferentes instrumentos musicales, su utilizaci\u00f3n y desarrollar la discriminaci\u00f3n auditiva.<\/span><\/p><\/li><li><p align=\"justify\"><span style=\"font-size: medium;\">Trabajar el desarrollo de las emociones y sentimientos mediante la m\u00fasica (voz, respiraci\u00f3n, expresi\u00f3n corporal y la expresi\u00f3n mediante la utilizaci\u00f3n de los instrumentos)<\/span><\/p><\/li><\/ol><\/div>\n\t\t\t\t<\/div>\n\t\t\t\t\t\t\t<div class=\"elementor-toggle-item\">\n\t\t\t\t\t<div id=\"elementor-tab-title-2372\" class=\"elementor-tab-title\" data-tab=\"2\" role=\"tab\" aria-controls=\"elementor-tab-content-2372\" aria-expanded=\"false\">\n\t\t\t\t\t\t\t\t\t\t\t\t<span class=\"elementor-toggle-icon elementor-toggle-icon-left\" aria-hidden=\"true\">\n\t\t\t\t\t\t\t\t\t\t\t\t\t\t\t<span class=\"elementor-toggle-icon-closed\"><i class=\"fas fa-caret-right\"><\/i><\/span>\n\t\t\t\t\t\t\t\t<span class=\"elementor-toggle-icon-opened\"><i class=\"elementor-toggle-icon-opened fas fa-caret-up\"><\/i><\/span>\n\t\t\t\t\t\t\t\t\t\t\t\t\t<\/span>\n\t\t\t\t\t\t\t\t\t\t\t\t<a href=\"\" class=\"elementor-toggle-title\">OBJETIVOS ESPEC\u00cdFICOS:<\/a>\n\t\t\t\t\t<\/div>\n\n\t\t\t\t\t<div id=\"elementor-tab-content-2372\" class=\"elementor-tab-content elementor-clearfix\" data-tab=\"2\" role=\"tabpanel\" aria-labelledby=\"elementor-tab-title-2372\"><ol><li><p align=\"justify\"><span style=\"color: #222222;\"><span style=\"font-size: medium;\">Utilizar la m\u00fasica como medio de expresi\u00f3n.<\/span><\/span><\/p><\/li><li><p align=\"justify\"><span style=\"color: #222222;\"><span style=\"font-size: medium;\">Conocer los elementos b\u00e1sicos de la educaci\u00f3n musical.<\/span><\/span><\/p><\/li><li><p align=\"justify\"><span style=\"color: #222222;\"><span style=\"font-size: medium;\">Realizar ejercicios r\u00edtmicos simples, con los instrumentos de percusi\u00f3n y con el cuerpo.<\/span><\/span><\/p><\/li><li><p align=\"justify\"><span style=\"color: #222222;\"> <span style=\"font-size: medium;\">Conocer las posibilidades corporales como medio de expresi\u00f3n musical.<\/span><\/span><\/p><\/li><li><p align=\"justify\"><span style=\"color: #222222;\"><span style=\"font-size: medium;\">Utilizar la voz de forma adecuada, como modo de expresi\u00f3n y comunicaci\u00f3n.<\/span><\/span><\/p><\/li><li><p align=\"justify\"><span style=\"color: #222222;\"><span style=\"font-size: medium;\">Conocer las caracter\u00edsticas del sonido.<\/span><\/span><\/p><\/li><li><p align=\"justify\"><span style=\"color: #222222;\"><span style=\"font-size: medium;\">Conocer diferentes tipos de m\u00fasicas (\u201cherrikoia\u201d, cl\u00e1sica, instrumental\u2026)<\/span><\/span><\/p><\/li><li><p align=\"justify\"><span style=\"color: #222222;\"><span style=\"font-size: medium;\">Disfrutar de\/con la m\u00fasica<\/span><\/span><\/p><\/li><li><p align=\"justify\"><span style=\"color: #222222;\"><span style=\"font-size: medium;\">Inculcar el aprendizaje cooperativo<\/span><\/span><\/p><\/li><li><p align=\"justify\"><span style=\"color: #222222;\"><span style=\"font-size: medium;\">Trabajar el control de la respiraci\u00f3n como medio de relajaci\u00f3n.<\/span><\/span><\/p><\/li><\/ol><\/div>\n\t\t\t\t<\/div>\n\t\t\t\t\t\t\t<div class=\"elementor-toggle-item\">\n\t\t\t\t\t<div id=\"elementor-tab-title-2373\" class=\"elementor-tab-title\" data-tab=\"3\" role=\"tab\" aria-controls=\"elementor-tab-content-2373\" aria-expanded=\"false\">\n\t\t\t\t\t\t\t\t\t\t\t\t<span class=\"elementor-toggle-icon elementor-toggle-icon-left\" aria-hidden=\"true\">\n\t\t\t\t\t\t\t\t\t\t\t\t\t\t\t<span class=\"elementor-toggle-icon-closed\"><i class=\"fas fa-caret-right\"><\/i><\/span>\n\t\t\t\t\t\t\t\t<span class=\"elementor-toggle-icon-opened\"><i class=\"elementor-toggle-icon-opened fas fa-caret-up\"><\/i><\/span>\n\t\t\t\t\t\t\t\t\t\t\t\t\t<\/span>\n\t\t\t\t\t\t\t\t\t\t\t\t<a href=\"\" class=\"elementor-toggle-title\">DESARROLLO:<\/a>\n\t\t\t\t\t<\/div>\n\n\t\t\t\t\t<div id=\"elementor-tab-content-2373\" class=\"elementor-tab-content elementor-clearfix\" data-tab=\"3\" role=\"tabpanel\" aria-labelledby=\"elementor-tab-title-2373\"><ol><li><p align=\"justify\"><span style=\"font-size: medium;\">Mediante una canci\u00f3n trabajamos la voz, el r\u00edtmo y la utilizaci\u00f3n de un instrumento (el piano \/ la guitarra)<\/span><\/p><\/li><li><p align=\"justify\"><span style=\"font-size: medium;\">Realizamos juegos r\u00edtmicos corporales.<\/span><\/p><\/li><li><p align=\"justify\"><span style=\"font-size: medium;\">Expresi\u00f3n corporal mediante canci\u00f3n y baile.<\/span><\/p><\/li><li><p align=\"justify\"><span style=\"font-size: medium;\">Conocimiento y experimentaci\u00f3n con los instrumentos ( primeros pasos, caracter\u00edsticas del sonido, cuentos musicales)<\/span><\/p><\/li><li><p align=\"justify\"><span style=\"font-size: medium;\">Mediante la m\u00fasica cl\u00e1sica trabajamos la respiraci\u00f3n, la relajaci\u00f3n, la expresi\u00f3n de las emociones y los sentimientos. <\/span><\/p><\/li><li><p align=\"justify\"><span style=\"font-size: medium;\">Preparamos conciertos did\u00e1cticos.<\/span><\/p><\/li><li><p align=\"justify\"><span style=\"font-size: medium;\">Trabajamos los diferentes estilos de m\u00fasica desarrollados durante siglos (blues, jazz, m\u00fasica cl\u00e1sica, m\u00fasica vasca, soul\u2026)<\/span><\/p><\/li><li><p align=\"justify\"><span style=\"font-size: medium;\">Desarrollo de cuentos musicales.<\/span><\/p><\/li><li><p align=\"justify\"><span style=\"font-size: medium;\">Experimentaci\u00f3n con diferentes instrumentos bien sean de percusi\u00f3n como de cuerda incluso de viento.<\/span><\/p><\/li><li><p align=\"justify\"><span style=\"font-size: medium;\">La realizaci\u00f3n de musicogramas y ritmogramas.<\/span><\/p><\/li><li><p align=\"justify\"><span style=\"font-size: medium;\">Desarrollo del pensamiento computacional y la rob\u00f3tica mediante el lenguaje musical (bee bot y juegos interactivos creados por el profesorado)<\/span><\/p><\/li><\/ol><\/div>\n\t\t\t\t<\/div>\n\t\t\t\t\t\t\t\t<\/div>\n\t\t\t\t<\/div>\n\t\t\t\t<\/div>\n\t\t\t\t\t\t<\/div>\n\t\t\t\t\t<\/div>\n\t\t<\/div>\n\t\t\t\t\t\t\t\t<\/div>\n\t\t\t\t\t<\/div>\n\t\t<\/section>\n\t\t\t\t\t\t<\/div>\n\t\t\t\t\t\t<\/div>\n\t\t\t\t\t<\/div>\n\t\t","protected":false},"excerpt":{"rendered":"<p>M\u00fasica Previous Next Sabiendo que la educaci\u00f3n musical es una herramienta incre\u00edble para el desarrollo psicomotor, cognitivo y emocional de nuestros alumn@s, hemos querido convertir la m\u00fasica en uno de [&hellip;]<\/p>\n","protected":false},"author":1,"featured_media":0,"parent":658,"menu_order":0,"comment_status":"closed","ping_status":"closed","template":"","meta":{"ngg_post_thumbnail":0},"_links":{"self":[{"href":"https:\/\/www.iparragirre.org\/es\/wp-json\/wp\/v2\/pages\/10890"}],"collection":[{"href":"https:\/\/www.iparragirre.org\/es\/wp-json\/wp\/v2\/pages"}],"about":[{"href":"https:\/\/www.iparragirre.org\/es\/wp-json\/wp\/v2\/types\/page"}],"author":[{"embeddable":true,"href":"https:\/\/www.iparragirre.org\/es\/wp-json\/wp\/v2\/users\/1"}],"replies":[{"embeddable":true,"href":"https:\/\/www.iparragirre.org\/es\/wp-json\/wp\/v2\/comments?post=10890"}],"version-history":[{"count":7,"href":"https:\/\/www.iparragirre.org\/es\/wp-json\/wp\/v2\/pages\/10890\/revisions"}],"predecessor-version":[{"id":10899,"href":"https:\/\/www.iparragirre.org\/es\/wp-json\/wp\/v2\/pages\/10890\/revisions\/10899"}],"up":[{"embeddable":true,"href":"https:\/\/www.iparragirre.org\/es\/wp-json\/wp\/v2\/pages\/658"}],"wp:attachment":[{"href":"https:\/\/www.iparragirre.org\/es\/wp-json\/wp\/v2\/media?parent=10890"}],"curies":[{"name":"wp","href":"https:\/\/api.w.org\/{rel}","templated":true}]}}