{"id":10900,"date":"2025-12-03T19:12:23","date_gmt":"2025-12-03T18:12:23","guid":{"rendered":"https:\/\/www.iparragirre.org\/?page_id=10900"},"modified":"2025-12-03T19:32:46","modified_gmt":"2025-12-03T18:32:46","slug":"psicomotricidad","status":"publish","type":"page","link":"https:\/\/www.iparragirre.org\/es\/psicomotricidad\/","title":{"rendered":"Psicomotricidad"},"content":{"rendered":"\t\t<div data-elementor-type=\"wp-page\" data-elementor-id=\"10900\" class=\"elementor elementor-10900\" data-elementor-settings=\"[]\">\n\t\t\t\t\t\t<div class=\"elementor-inner\">\n\t\t\t\t\t\t\t<div class=\"elementor-section-wrap\">\n\t\t\t\t\t\t\t<section class=\"elementor-section elementor-top-section elementor-element elementor-element-20fe77e elementor-section-boxed elementor-section-height-default elementor-section-height-default\" data-id=\"20fe77e\" data-element_type=\"section\">\n\t\t\t\t\t\t<div class=\"elementor-container elementor-column-gap-default\">\n\t\t\t\t\t\t\t<div class=\"elementor-row\">\n\t\t\t\t\t<div class=\"elementor-column elementor-col-100 elementor-top-column elementor-element elementor-element-a57775e\" data-id=\"a57775e\" data-element_type=\"column\">\n\t\t\t<div class=\"elementor-column-wrap elementor-element-populated\">\n\t\t\t\t\t\t\t<div class=\"elementor-widget-wrap\">\n\t\t\t\t\t\t<section class=\"elementor-section elementor-inner-section elementor-element elementor-element-d717aaa elementor-section-boxed elementor-section-height-default elementor-section-height-default\" data-id=\"d717aaa\" data-element_type=\"section\">\n\t\t\t\t\t\t<div class=\"elementor-container elementor-column-gap-default\">\n\t\t\t\t\t\t\t<div class=\"elementor-row\">\n\t\t\t\t\t<div class=\"elementor-column elementor-col-100 elementor-inner-column elementor-element elementor-element-f499948\" data-id=\"f499948\" data-element_type=\"column\">\n\t\t\t<div class=\"elementor-column-wrap elementor-element-populated\">\n\t\t\t\t\t\t\t<div class=\"elementor-widget-wrap\">\n\t\t\t\t\t\t<div class=\"elementor-element elementor-element-f51da55 elementor-widget elementor-widget-heading\" data-id=\"f51da55\" data-element_type=\"widget\" data-widget_type=\"heading.default\">\n\t\t\t\t<div class=\"elementor-widget-container\">\n\t\t\t<h2 class=\"elementor-heading-title elementor-size-default\">Psicomotricidad<\/h2>\t\t<\/div>\n\t\t\t\t<\/div>\n\t\t\t\t<div class=\"elementor-element elementor-element-1fdc5ed elementor-widget elementor-widget-image\" data-id=\"1fdc5ed\" data-element_type=\"widget\" data-widget_type=\"image.default\">\n\t\t\t\t<div class=\"elementor-widget-container\">\n\t\t\t\t\t\t\t\t<div class=\"elementor-image\">\n\t\t\t\t\t\t\t\t\t\t\t\t<img width=\"1120\" height=\"435\" src=\"https:\/\/www.iparragirre.org\/wp-content\/uploads\/2025\/12\/1-2.jpg\" class=\"attachment-full size-full\" alt=\"\" loading=\"lazy\" srcset=\"https:\/\/www.iparragirre.org\/wp-content\/uploads\/2025\/12\/1-2.jpg 1120w, https:\/\/www.iparragirre.org\/wp-content\/uploads\/2025\/12\/1-2-300x117.jpg 300w, https:\/\/www.iparragirre.org\/wp-content\/uploads\/2025\/12\/1-2-1024x398.jpg 1024w, https:\/\/www.iparragirre.org\/wp-content\/uploads\/2025\/12\/1-2-768x298.jpg 768w\" sizes=\"(max-width: 1120px) 100vw, 1120px\" \/>\t\t\t\t\t\t\t\t\t\t\t\t\t\t<\/div>\n\t\t\t\t\t\t<\/div>\n\t\t\t\t<\/div>\n\t\t\t\t<div class=\"elementor-element elementor-element-3be3cf9 elementor-widget elementor-widget-text-editor\" data-id=\"3be3cf9\" data-element_type=\"widget\" data-widget_type=\"text-editor.default\">\n\t\t\t\t<div class=\"elementor-widget-container\">\n\t\t\t\t\t\t\t\t<div class=\"elementor-text-editor elementor-clearfix\">\n\t\t\t\t<p style=\"margin-top: 0.42cm; margin-bottom: 0.42cm; line-height: 180%; background: #ffffff; text-align: left;\" align=\"justify\"><span style=\"font-size: medium;\">En Iparragirre Ikastola damos mucha importancia a la psicomotricidad. Trabajamos desde el enfoque y metodolog\u00eda de <\/span><span style=\"font-size: medium;\"><b>Bernard Aucouturier<\/b><\/span><span style=\"font-size: medium;\">. Mediante el movimiento y el juego espont\u00e1neo, los ni\u00f1os y ni\u00f1as expresan su cuerpo y emociones, trabajan la seguridad afectiva y enriquecen sus relaciones.<\/span><\/p><p style=\"margin-top: 0.42cm; margin-bottom: 0.42cm; line-height: 180%; orphans: 2; widows: 2; background: #ffffff;\" align=\"justify\"><span style=\"font-size: medium;\">La psicomotricidad tiene un impacto importante en el <\/span><span style=\"font-size: medium;\"><b>desarrollo intelectual, f\u00edsico y afectivo<\/b><\/span><span style=\"font-size: medium;\"> de las ni\u00f1as y los ni\u00f1os.<\/span><\/p><p style=\"margin-top: 0.42cm; margin-bottom: 0.42cm; line-height: 180%; orphans: 2; widows: 2; background: #ffffff;\" align=\"justify\"><span style=\"font-size: medium;\">En Psicomotricidad trabajamos con los siguientes objetivos.<\/span><\/p><p style=\"margin-top: 0.42cm; margin-bottom: 0.42cm; line-height: 180%; orphans: 2; widows: 2; background: #ffffff;\" align=\"justify\"><span style=\"font-size: medium;\">&#8211;<\/span><span style=\"font-size: medium;\"><b>Favorecer el desarrollo del ni\u00f1o\/a<\/b><\/span><span style=\"font-size: medium;\">: en psikogela ofrecemos a las ni\u00f1as y ni\u00f1os un espacio para moverse con libertad y jugar de forma espont\u00e1nea. Favorecer el sentimiento de placer en el juego espont\u00e1neo y el movimiento es uno de nuestros objetivos.<\/span><\/p><p style=\"margin-top: 0.42cm; margin-bottom: 0.42cm; line-height: 180%; orphans: 2; widows: 2; background: #ffffff;\" align=\"justify\"><span style=\"font-size: medium;\">&#8211; <\/span><span style=\"font-size: medium;\"><b>Desarrollar la funci\u00f3n simb\u00f3lica<\/b><\/span><span style=\"font-size: medium;\">: ayudaremos a los ni\u00f1os y ni\u00f1as a experimentar los diferentes procesos de simbolizaci\u00f3n. A partir del movimiento y los juegos que surgen en la sesi\u00f3n constru\u00edmos im\u00e1genes, inventamos historias y hablamos de lo sucedido. Nuestro objetivo consiste en construir caminos que unen el movimiento con el desarrollo del pensamiento.<\/span><\/p><p style=\"margin-top: 0.42cm; margin-bottom: 0.42cm; line-height: 180%; orphans: 2; widows: 2; background: #ffffff;\" align=\"justify\"><span style=\"font-size: medium;\">&#8211; <\/span><span style=\"font-size: medium;\"><b>Favorecer la educaci\u00f3n emocional.<\/b><\/span><span style=\"font-size: medium;\"> Las ni\u00f1as y los ni\u00f1os expresan sus emociones en un ambiente seguro a trav\u00e9s de los juegos, las historias y las palabras. Las emociones son muy intensas en la infancia y en el aula de psicomotricidad les damos un sitio. Tras identificar y aceptar las emociones, uno de nuestros objetivos es favorecer que los ni\u00f1os y ni\u00f1as puedan distanciarse un poco de ellas para poder comprender mejor el mundo.<\/span><\/p><p><style type=\"text\/css\">p { margin-bottom: 0.25cm; line-height: 115%; background: transparent }<\/style><\/p>\t\t\t\t\t<\/div>\n\t\t\t\t\t\t<\/div>\n\t\t\t\t<\/div>\n\t\t\t\t\t\t<\/div>\n\t\t\t\t\t<\/div>\n\t\t<\/div>\n\t\t\t\t\t\t\t\t<\/div>\n\t\t\t\t\t<\/div>\n\t\t<\/section>\n\t\t\t\t\t\t<\/div>\n\t\t\t\t\t<\/div>\n\t\t<\/div>\n\t\t\t\t\t\t\t\t<\/div>\n\t\t\t\t\t<\/div>\n\t\t<\/section>\n\t\t\t\t\t\t<\/div>\n\t\t\t\t\t\t<\/div>\n\t\t\t\t\t<\/div>\n\t\t","protected":false},"excerpt":{"rendered":"<p>Psicomotricidad En Iparragirre Ikastola damos mucha importancia a la psicomotricidad. Trabajamos desde el enfoque y metodolog\u00eda de Bernard Aucouturier. Mediante el movimiento y el juego espont\u00e1neo, los ni\u00f1os y ni\u00f1as [&hellip;]<\/p>\n","protected":false},"author":1,"featured_media":0,"parent":0,"menu_order":0,"comment_status":"closed","ping_status":"closed","template":"","meta":{"ngg_post_thumbnail":0},"_links":{"self":[{"href":"https:\/\/www.iparragirre.org\/es\/wp-json\/wp\/v2\/pages\/10900"}],"collection":[{"href":"https:\/\/www.iparragirre.org\/es\/wp-json\/wp\/v2\/pages"}],"about":[{"href":"https:\/\/www.iparragirre.org\/es\/wp-json\/wp\/v2\/types\/page"}],"author":[{"embeddable":true,"href":"https:\/\/www.iparragirre.org\/es\/wp-json\/wp\/v2\/users\/1"}],"replies":[{"embeddable":true,"href":"https:\/\/www.iparragirre.org\/es\/wp-json\/wp\/v2\/comments?post=10900"}],"version-history":[{"count":8,"href":"https:\/\/www.iparragirre.org\/es\/wp-json\/wp\/v2\/pages\/10900\/revisions"}],"predecessor-version":[{"id":10922,"href":"https:\/\/www.iparragirre.org\/es\/wp-json\/wp\/v2\/pages\/10900\/revisions\/10922"}],"wp:attachment":[{"href":"https:\/\/www.iparragirre.org\/es\/wp-json\/wp\/v2\/media?parent=10900"}],"curies":[{"name":"wp","href":"https:\/\/api.w.org\/{rel}","templated":true}]}}