{"id":10964,"date":"2025-12-04T07:13:42","date_gmt":"2025-12-04T06:13:42","guid":{"rendered":"https:\/\/www.iparragirre.org\/inmersion-en-ingles-st-georges\/"},"modified":"2026-01-28T14:21:08","modified_gmt":"2026-01-28T13:21:08","slug":"ingelesera-murgilketa-st-georges","status":"publish","type":"page","link":"https:\/\/www.iparragirre.org\/es\/proyecto-educativo\/ingelesera-murgilketa-st-georges\/","title":{"rendered":"Ingelesera murgilketa &#8211; ST Georges"},"content":{"rendered":"\t\t<div data-elementor-type=\"wp-page\" data-elementor-id=\"10964\" class=\"elementor elementor-10964\" data-elementor-settings=\"[]\">\n\t\t\t\t\t\t<div class=\"elementor-inner\">\n\t\t\t\t\t\t\t<div class=\"elementor-section-wrap\">\n\t\t\t\t\t\t\t<section class=\"elementor-section elementor-top-section elementor-element elementor-element-6fec7eb elementor-section-boxed elementor-section-height-default elementor-section-height-default\" data-id=\"6fec7eb\" data-element_type=\"section\">\n\t\t\t\t\t\t<div class=\"elementor-container elementor-column-gap-default\">\n\t\t\t\t\t\t\t<div class=\"elementor-row\">\n\t\t\t\t\t<div class=\"elementor-column elementor-col-100 elementor-top-column elementor-element elementor-element-9c88bd6\" data-id=\"9c88bd6\" data-element_type=\"column\">\n\t\t\t<div class=\"elementor-column-wrap elementor-element-populated\">\n\t\t\t\t\t\t\t<div class=\"elementor-widget-wrap\">\n\t\t\t\t\t\t<div class=\"elementor-element elementor-element-a90c1b2 elementor-widget elementor-widget-heading\" data-id=\"a90c1b2\" data-element_type=\"widget\" data-widget_type=\"heading.default\">\n\t\t\t\t<div class=\"elementor-widget-container\">\n\t\t\t<h2 class=\"elementor-heading-title elementor-size-large\">Inversi\u00f3n en ingl\u00e9s - ST George\u00b4s English School<\/h2>\t\t<\/div>\n\t\t\t\t<\/div>\n\t\t\t\t<section class=\"elementor-section elementor-inner-section elementor-element elementor-element-c2dcef2 elementor-section-boxed elementor-section-height-default elementor-section-height-default\" data-id=\"c2dcef2\" data-element_type=\"section\">\n\t\t\t\t\t\t<div class=\"elementor-container elementor-column-gap-default\">\n\t\t\t\t\t\t\t<div class=\"elementor-row\">\n\t\t\t\t\t<div class=\"elementor-column elementor-col-50 elementor-inner-column elementor-element elementor-element-81677dd\" data-id=\"81677dd\" data-element_type=\"column\">\n\t\t\t<div class=\"elementor-column-wrap elementor-element-populated\">\n\t\t\t\t\t\t\t<div class=\"elementor-widget-wrap\">\n\t\t\t\t\t\t<div class=\"elementor-element elementor-element-2e4fa65 elementor-widget elementor-widget-text-editor\" data-id=\"2e4fa65\" data-element_type=\"widget\" data-widget_type=\"text-editor.default\">\n\t\t\t\t<div class=\"elementor-widget-container\">\n\t\t\t\t\t\t\t\t<div class=\"elementor-text-editor elementor-clearfix\">\n\t\t\t\t<p><span style=\"font-weight: 400;\">Dos d\u00edas a la semana, nuestro alumnado disfruta de una inmersi\u00f3n total en ingl\u00e9s. Seguimos los mismos proyectos que trabajan en euskera para facilitar la comprensi\u00f3n y reforzar sus aprendizajes. Gracias a nuestro profesorado nativo, adquieren desde el primer momento una pronunciaci\u00f3n natural y desarrollan el o\u00eddo de forma eficaz. Abordamos los proyectos de manera din\u00e1mica y divertida, apoy\u00e1ndonos en canciones, juegos e historias. Nuestro objetivo: que se comuniquen en ingl\u00e9s desde el primer d\u00eda.<\/span><\/p><p><style type=\"text\/css\">p { margin-bottom: 0.25cm; line-height: 115%; background: transparent }<\/style><\/p>\t\t\t\t\t<\/div>\n\t\t\t\t\t\t<\/div>\n\t\t\t\t<\/div>\n\t\t\t\t\t\t<\/div>\n\t\t\t\t\t<\/div>\n\t\t<\/div>\n\t\t\t\t<div class=\"elementor-column elementor-col-50 elementor-inner-column elementor-element elementor-element-a881e34\" data-id=\"a881e34\" data-element_type=\"column\">\n\t\t\t<div class=\"elementor-column-wrap elementor-element-populated\">\n\t\t\t\t\t\t\t<div class=\"elementor-widget-wrap\">\n\t\t\t\t\t\t<div class=\"elementor-element elementor-element-871143c elementor-widget__width-initial elementor-absolute elementor-hidden-tablet elementor-hidden-phone elementor-invisible elementor-widget elementor-widget-spacer\" data-id=\"871143c\" data-element_type=\"widget\" data-settings=\"{&quot;_position&quot;:&quot;absolute&quot;,&quot;motion_fx_motion_fx_scrolling&quot;:&quot;yes&quot;,&quot;motion_fx_translateY_effect&quot;:&quot;yes&quot;,&quot;motion_fx_translateY_speed&quot;:{&quot;unit&quot;:&quot;px&quot;,&quot;size&quot;:2,&quot;sizes&quot;:[]},&quot;_animation&quot;:&quot;zoomInDown&quot;,&quot;motion_fx_translateY_affectedRange&quot;:{&quot;unit&quot;:&quot;%&quot;,&quot;size&quot;:&quot;&quot;,&quot;sizes&quot;:{&quot;start&quot;:0,&quot;end&quot;:100}},&quot;motion_fx_devices&quot;:[&quot;desktop&quot;,&quot;tablet&quot;,&quot;mobile&quot;]}\" data-widget_type=\"spacer.default\">\n\t\t\t\t<div class=\"elementor-widget-container\">\n\t\t\t\t\t<div class=\"elementor-spacer\">\n\t\t\t<div class=\"elementor-spacer-inner\"><\/div>\n\t\t<\/div>\n\t\t\t\t<\/div>\n\t\t\t\t<\/div>\n\t\t\t\t\t\t<\/div>\n\t\t\t\t\t<\/div>\n\t\t<\/div>\n\t\t\t\t\t\t\t\t<\/div>\n\t\t\t\t\t<\/div>\n\t\t<\/section>\n\t\t\t\t\t\t<\/div>\n\t\t\t\t\t<\/div>\n\t\t<\/div>\n\t\t\t\t\t\t\t\t<\/div>\n\t\t\t\t\t<\/div>\n\t\t<\/section>\n\t\t\t\t<section class=\"elementor-section elementor-top-section elementor-element elementor-element-bfe5ab1 elementor-section-boxed elementor-section-height-default elementor-section-height-default\" data-id=\"bfe5ab1\" data-element_type=\"section\">\n\t\t\t\t\t\t<div class=\"elementor-container elementor-column-gap-default\">\n\t\t\t\t\t\t\t<div class=\"elementor-row\">\n\t\t\t\t\t<div class=\"elementor-column elementor-col-25 elementor-top-column elementor-element elementor-element-f9acd96\" data-id=\"f9acd96\" data-element_type=\"column\">\n\t\t\t<div class=\"elementor-column-wrap elementor-element-populated\">\n\t\t\t\t\t\t\t<div class=\"elementor-widget-wrap\">\n\t\t\t\t\t\t<div class=\"elementor-element elementor-element-779a5cb elementor-widget elementor-widget-image\" data-id=\"779a5cb\" data-element_type=\"widget\" data-widget_type=\"image.default\">\n\t\t\t\t<div class=\"elementor-widget-container\">\n\t\t\t\t\t\t\t\t<div class=\"elementor-image\">\n\t\t\t\t\t\t\t\t\t\t\t\t<img width=\"800\" height=\"600\" src=\"https:\/\/www.iparragirre.org\/wp-content\/uploads\/2026\/01\/IMG_4017-1024x768.jpg\" class=\"attachment-large size-large\" alt=\"\" loading=\"lazy\" srcset=\"https:\/\/www.iparragirre.org\/wp-content\/uploads\/2026\/01\/IMG_4017-1024x768.jpg 1024w, https:\/\/www.iparragirre.org\/wp-content\/uploads\/2026\/01\/IMG_4017-300x225.jpg 300w, https:\/\/www.iparragirre.org\/wp-content\/uploads\/2026\/01\/IMG_4017-768x576.jpg 768w, https:\/\/www.iparragirre.org\/wp-content\/uploads\/2026\/01\/IMG_4017-1536x1152.jpg 1536w, https:\/\/www.iparragirre.org\/wp-content\/uploads\/2026\/01\/IMG_4017-2048x1536.jpg 2048w\" sizes=\"(max-width: 800px) 100vw, 800px\" \/>\t\t\t\t\t\t\t\t\t\t\t\t\t\t<\/div>\n\t\t\t\t\t\t<\/div>\n\t\t\t\t<\/div>\n\t\t\t\t\t\t<\/div>\n\t\t\t\t\t<\/div>\n\t\t<\/div>\n\t\t\t\t<div class=\"elementor-column elementor-col-25 elementor-top-column elementor-element elementor-element-a5983d3\" data-id=\"a5983d3\" data-element_type=\"column\">\n\t\t\t<div class=\"elementor-column-wrap elementor-element-populated\">\n\t\t\t\t\t\t\t<div class=\"elementor-widget-wrap\">\n\t\t\t\t\t\t<div class=\"elementor-element elementor-element-b4c430a elementor-widget elementor-widget-image\" data-id=\"b4c430a\" data-element_type=\"widget\" data-widget_type=\"image.default\">\n\t\t\t\t<div class=\"elementor-widget-container\">\n\t\t\t\t\t\t\t\t<div class=\"elementor-image\">\n\t\t\t\t\t\t\t\t\t\t\t\t<img width=\"800\" height=\"600\" src=\"https:\/\/www.iparragirre.org\/wp-content\/uploads\/2026\/01\/IMG_1070-1024x768.jpg\" class=\"attachment-large size-large\" alt=\"\" loading=\"lazy\" srcset=\"https:\/\/www.iparragirre.org\/wp-content\/uploads\/2026\/01\/IMG_1070-1024x768.jpg 1024w, https:\/\/www.iparragirre.org\/wp-content\/uploads\/2026\/01\/IMG_1070-300x225.jpg 300w, https:\/\/www.iparragirre.org\/wp-content\/uploads\/2026\/01\/IMG_1070-768x576.jpg 768w, https:\/\/www.iparragirre.org\/wp-content\/uploads\/2026\/01\/IMG_1070-1536x1152.jpg 1536w, https:\/\/www.iparragirre.org\/wp-content\/uploads\/2026\/01\/IMG_1070-2048x1536.jpg 2048w\" sizes=\"(max-width: 800px) 100vw, 800px\" \/>\t\t\t\t\t\t\t\t\t\t\t\t\t\t<\/div>\n\t\t\t\t\t\t<\/div>\n\t\t\t\t<\/div>\n\t\t\t\t\t\t<\/div>\n\t\t\t\t\t<\/div>\n\t\t<\/div>\n\t\t\t\t<div class=\"elementor-column elementor-col-25 elementor-top-column elementor-element elementor-element-b1d38b4\" data-id=\"b1d38b4\" data-element_type=\"column\">\n\t\t\t<div class=\"elementor-column-wrap elementor-element-populated\">\n\t\t\t\t\t\t\t<div class=\"elementor-widget-wrap\">\n\t\t\t\t\t\t<div class=\"elementor-element elementor-element-6f8451f elementor-widget elementor-widget-image\" data-id=\"6f8451f\" data-element_type=\"widget\" data-widget_type=\"image.default\">\n\t\t\t\t<div class=\"elementor-widget-container\">\n\t\t\t\t\t\t\t\t<div class=\"elementor-image\">\n\t\t\t\t\t\t\t\t\t\t\t\t<img width=\"800\" height=\"600\" src=\"https:\/\/www.iparragirre.org\/wp-content\/uploads\/2026\/01\/IMG_2969-1024x768.jpg\" class=\"attachment-large size-large\" alt=\"\" loading=\"lazy\" srcset=\"https:\/\/www.iparragirre.org\/wp-content\/uploads\/2026\/01\/IMG_2969-1024x768.jpg 1024w, https:\/\/www.iparragirre.org\/wp-content\/uploads\/2026\/01\/IMG_2969-300x225.jpg 300w, https:\/\/www.iparragirre.org\/wp-content\/uploads\/2026\/01\/IMG_2969-768x576.jpg 768w, https:\/\/www.iparragirre.org\/wp-content\/uploads\/2026\/01\/IMG_2969-1536x1152.jpg 1536w, https:\/\/www.iparragirre.org\/wp-content\/uploads\/2026\/01\/IMG_2969-2048x1536.jpg 2048w\" sizes=\"(max-width: 800px) 100vw, 800px\" \/>\t\t\t\t\t\t\t\t\t\t\t\t\t\t<\/div>\n\t\t\t\t\t\t<\/div>\n\t\t\t\t<\/div>\n\t\t\t\t\t\t<\/div>\n\t\t\t\t\t<\/div>\n\t\t<\/div>\n\t\t\t\t<div class=\"elementor-column elementor-col-25 elementor-top-column elementor-element elementor-element-89e032f\" data-id=\"89e032f\" data-element_type=\"column\">\n\t\t\t<div class=\"elementor-column-wrap elementor-element-populated\">\n\t\t\t\t\t\t\t<div class=\"elementor-widget-wrap\">\n\t\t\t\t\t\t<div class=\"elementor-element elementor-element-a5fe28f elementor-widget elementor-widget-image\" data-id=\"a5fe28f\" data-element_type=\"widget\" data-widget_type=\"image.default\">\n\t\t\t\t<div class=\"elementor-widget-container\">\n\t\t\t\t\t\t\t\t<div class=\"elementor-image\">\n\t\t\t\t\t\t\t\t\t\t\t\t<img width=\"800\" height=\"600\" src=\"https:\/\/www.iparragirre.org\/wp-content\/uploads\/2026\/01\/IMG_2215-1024x768.jpg\" class=\"attachment-large size-large\" alt=\"\" loading=\"lazy\" srcset=\"https:\/\/www.iparragirre.org\/wp-content\/uploads\/2026\/01\/IMG_2215-1024x768.jpg 1024w, https:\/\/www.iparragirre.org\/wp-content\/uploads\/2026\/01\/IMG_2215-300x225.jpg 300w, https:\/\/www.iparragirre.org\/wp-content\/uploads\/2026\/01\/IMG_2215-768x576.jpg 768w, https:\/\/www.iparragirre.org\/wp-content\/uploads\/2026\/01\/IMG_2215-1536x1152.jpg 1536w, https:\/\/www.iparragirre.org\/wp-content\/uploads\/2026\/01\/IMG_2215-2048x1536.jpg 2048w\" sizes=\"(max-width: 800px) 100vw, 800px\" \/>\t\t\t\t\t\t\t\t\t\t\t\t\t\t<\/div>\n\t\t\t\t\t\t<\/div>\n\t\t\t\t<\/div>\n\t\t\t\t\t\t<\/div>\n\t\t\t\t\t<\/div>\n\t\t<\/div>\n\t\t\t\t\t\t\t\t<\/div>\n\t\t\t\t\t<\/div>\n\t\t<\/section>\n\t\t\t\t\t\t<\/div>\n\t\t\t\t\t\t<\/div>\n\t\t\t\t\t<\/div>\n\t\t","protected":false},"excerpt":{"rendered":"<p>Inversi\u00f3n en ingl\u00e9s &#8211; ST George\u00b4s English School Dos d\u00edas a la semana, nuestro alumnado disfruta de una inmersi\u00f3n total en ingl\u00e9s. Seguimos los mismos proyectos que trabajan en euskera [&hellip;]<\/p>\n","protected":false},"author":1,"featured_media":0,"parent":658,"menu_order":0,"comment_status":"closed","ping_status":"closed","template":"","meta":{"ngg_post_thumbnail":0},"_links":{"self":[{"href":"https:\/\/www.iparragirre.org\/es\/wp-json\/wp\/v2\/pages\/10964"}],"collection":[{"href":"https:\/\/www.iparragirre.org\/es\/wp-json\/wp\/v2\/pages"}],"about":[{"href":"https:\/\/www.iparragirre.org\/es\/wp-json\/wp\/v2\/types\/page"}],"author":[{"embeddable":true,"href":"https:\/\/www.iparragirre.org\/es\/wp-json\/wp\/v2\/users\/1"}],"replies":[{"embeddable":true,"href":"https:\/\/www.iparragirre.org\/es\/wp-json\/wp\/v2\/comments?post=10964"}],"version-history":[{"count":8,"href":"https:\/\/www.iparragirre.org\/es\/wp-json\/wp\/v2\/pages\/10964\/revisions"}],"predecessor-version":[{"id":11554,"href":"https:\/\/www.iparragirre.org\/es\/wp-json\/wp\/v2\/pages\/10964\/revisions\/11554"}],"up":[{"embeddable":true,"href":"https:\/\/www.iparragirre.org\/es\/wp-json\/wp\/v2\/pages\/658"}],"wp:attachment":[{"href":"https:\/\/www.iparragirre.org\/es\/wp-json\/wp\/v2\/media?parent=10964"}],"curies":[{"name":"wp","href":"https:\/\/api.w.org\/{rel}","templated":true}]}}