{"id":543,"date":"2021-03-30T11:01:36","date_gmt":"2021-03-30T10:01:36","guid":{"rendered":"http:\/\/www.iparragirre.org\/?page_id=543"},"modified":"2024-10-21T22:30:32","modified_gmt":"2024-10-21T21:30:32","slug":"quienes-somos","status":"publish","type":"page","link":"https:\/\/www.iparragirre.org\/es\/nuestra-ikastola\/quienes-somos\/","title":{"rendered":"\u00bfQui\u00e9nes somos?"},"content":{"rendered":"\t\t<div data-elementor-type=\"wp-page\" data-elementor-id=\"543\" class=\"elementor elementor-543\" data-elementor-settings=\"[]\">\n\t\t\t\t\t\t<div class=\"elementor-inner\">\n\t\t\t\t\t\t\t<div class=\"elementor-section-wrap\">\n\t\t\t\t\t\t\t<section class=\"elementor-section elementor-top-section elementor-element elementor-element-581eb0d elementor-section-boxed elementor-section-height-default elementor-section-height-default\" data-id=\"581eb0d\" data-element_type=\"section\">\n\t\t\t\t\t\t<div class=\"elementor-container elementor-column-gap-default\">\n\t\t\t\t\t\t\t<div class=\"elementor-row\">\n\t\t\t\t\t<div class=\"elementor-column elementor-col-100 elementor-top-column elementor-element elementor-element-0c3a340\" data-id=\"0c3a340\" data-element_type=\"column\">\n\t\t\t<div class=\"elementor-column-wrap elementor-element-populated\">\n\t\t\t\t\t\t\t<div class=\"elementor-widget-wrap\">\n\t\t\t\t\t\t<div class=\"elementor-element elementor-element-0ed0a5f elementor-widget elementor-widget-heading\" data-id=\"0ed0a5f\" data-element_type=\"widget\" data-widget_type=\"heading.default\">\n\t\t\t\t<div class=\"elementor-widget-container\">\n\t\t\t<h2 class=\"elementor-heading-title elementor-size-default\">Qui\u00e9nes somos<\/h2>\t\t<\/div>\n\t\t\t\t<\/div>\n\t\t\t\t<section class=\"elementor-section elementor-inner-section elementor-element elementor-element-afc82cd elementor-section-boxed elementor-section-height-default elementor-section-height-default\" data-id=\"afc82cd\" data-element_type=\"section\">\n\t\t\t\t\t\t<div class=\"elementor-container elementor-column-gap-default\">\n\t\t\t\t\t\t\t<div class=\"elementor-row\">\n\t\t\t\t\t<div class=\"elementor-column elementor-col-50 elementor-inner-column elementor-element elementor-element-09896c4\" data-id=\"09896c4\" data-element_type=\"column\">\n\t\t\t<div class=\"elementor-column-wrap elementor-element-populated\">\n\t\t\t\t\t\t\t<div class=\"elementor-widget-wrap\">\n\t\t\t\t\t\t<div class=\"elementor-element elementor-element-29da13d elementor-widget__width-inherit elementor-widget elementor-widget-image\" data-id=\"29da13d\" data-element_type=\"widget\" data-widget_type=\"image.default\">\n\t\t\t\t<div class=\"elementor-widget-container\">\n\t\t\t\t\t\t\t\t<div class=\"elementor-image\">\n\t\t\t\t\t\t\t\t\t\t\t\t<img width=\"768\" height=\"576\" src=\"https:\/\/www.iparragirre.org\/wp-content\/uploads\/2024\/10\/IMG-3467-1-1-768x576.jpeg\" class=\"attachment-medium_large size-medium_large\" alt=\"\" loading=\"lazy\" srcset=\"https:\/\/www.iparragirre.org\/wp-content\/uploads\/2024\/10\/IMG-3467-1-1-768x576.jpeg 768w, https:\/\/www.iparragirre.org\/wp-content\/uploads\/2024\/10\/IMG-3467-1-1-300x225.jpeg 300w, https:\/\/www.iparragirre.org\/wp-content\/uploads\/2024\/10\/IMG-3467-1-1-1024x768.jpeg 1024w, https:\/\/www.iparragirre.org\/wp-content\/uploads\/2024\/10\/IMG-3467-1-1-1536x1152.jpeg 1536w, https:\/\/www.iparragirre.org\/wp-content\/uploads\/2024\/10\/IMG-3467-1-1.jpeg 2000w\" sizes=\"(max-width: 768px) 100vw, 768px\" \/>\t\t\t\t\t\t\t\t\t\t\t\t\t\t<\/div>\n\t\t\t\t\t\t<\/div>\n\t\t\t\t<\/div>\n\t\t\t\t<div class=\"elementor-element elementor-element-5ff8c6e elementor-widget__width-initial elementor-absolute elementor-hidden-tablet elementor-hidden-phone elementor-invisible elementor-widget elementor-widget-spacer\" data-id=\"5ff8c6e\" data-element_type=\"widget\" data-settings=\"{&quot;_position&quot;:&quot;absolute&quot;,&quot;motion_fx_motion_fx_scrolling&quot;:&quot;yes&quot;,&quot;motion_fx_translateY_effect&quot;:&quot;yes&quot;,&quot;motion_fx_translateY_speed&quot;:{&quot;unit&quot;:&quot;px&quot;,&quot;size&quot;:2,&quot;sizes&quot;:[]},&quot;_animation&quot;:&quot;zoomInDown&quot;,&quot;motion_fx_translateY_affectedRange&quot;:{&quot;unit&quot;:&quot;%&quot;,&quot;size&quot;:&quot;&quot;,&quot;sizes&quot;:{&quot;start&quot;:0,&quot;end&quot;:100}},&quot;motion_fx_devices&quot;:[&quot;desktop&quot;,&quot;tablet&quot;,&quot;mobile&quot;]}\" data-widget_type=\"spacer.default\">\n\t\t\t\t<div class=\"elementor-widget-container\">\n\t\t\t\t\t<div class=\"elementor-spacer\">\n\t\t\t<div class=\"elementor-spacer-inner\"><\/div>\n\t\t<\/div>\n\t\t\t\t<\/div>\n\t\t\t\t<\/div>\n\t\t\t\t<div class=\"elementor-element elementor-element-81f8662 elementor-widget__width-initial elementor-absolute elementor-hidden-tablet elementor-hidden-phone elementor-invisible elementor-widget elementor-widget-spacer\" data-id=\"81f8662\" data-element_type=\"widget\" data-settings=\"{&quot;_position&quot;:&quot;absolute&quot;,&quot;motion_fx_motion_fx_scrolling&quot;:&quot;yes&quot;,&quot;motion_fx_translateY_effect&quot;:&quot;yes&quot;,&quot;motion_fx_translateY_direction&quot;:&quot;negative&quot;,&quot;motion_fx_translateY_speed&quot;:{&quot;unit&quot;:&quot;px&quot;,&quot;size&quot;:2,&quot;sizes&quot;:[]},&quot;motion_fx_translateY_affectedRange&quot;:{&quot;unit&quot;:&quot;%&quot;,&quot;size&quot;:&quot;&quot;,&quot;sizes&quot;:{&quot;start&quot;:0,&quot;end&quot;:67}},&quot;_animation&quot;:&quot;zoomInLeft&quot;,&quot;motion_fx_devices&quot;:[&quot;desktop&quot;,&quot;tablet&quot;,&quot;mobile&quot;]}\" data-widget_type=\"spacer.default\">\n\t\t\t\t<div class=\"elementor-widget-container\">\n\t\t\t\t\t<div class=\"elementor-spacer\">\n\t\t\t<div class=\"elementor-spacer-inner\"><\/div>\n\t\t<\/div>\n\t\t\t\t<\/div>\n\t\t\t\t<\/div>\n\t\t\t\t\t\t<\/div>\n\t\t\t\t\t<\/div>\n\t\t<\/div>\n\t\t\t\t<div class=\"elementor-column elementor-col-50 elementor-inner-column elementor-element elementor-element-cf6813e\" data-id=\"cf6813e\" data-element_type=\"column\">\n\t\t\t<div class=\"elementor-column-wrap elementor-element-populated\">\n\t\t\t\t\t\t\t<div class=\"elementor-widget-wrap\">\n\t\t\t\t\t\t<div class=\"elementor-element elementor-element-9ee0121 elementor-widget elementor-widget-text-editor\" data-id=\"9ee0121\" data-element_type=\"widget\" data-widget_type=\"text-editor.default\">\n\t\t\t\t<div class=\"elementor-widget-container\">\n\t\t\t\t\t\t\t\t<div class=\"elementor-text-editor elementor-clearfix\">\n\t\t\t\t<p align=\"justify\"><br \/>Fundamos Iparragirre ikastola en el a\u00f1o 2014. Ese a\u00f1o la Di\u00f3cesis de Bilbao unific\u00f3 Karmengo Ikastola, creada en el a\u00f1o 1970 e Iparragirre Eskolaurre, creada el a\u00f1o 1972, siendo Iparragirre ikastola la \u00fanica Ikastola de <strong>Educaci\u00f3n Infantil<\/strong> en el <strong>centro de Bilbao.<\/strong><\/p><p align=\"justify\">Somos un centro perteneciente a la <b>Red de Centros Diocesanos<\/b> <a href=\"https:\/\/elizbarrutikoikastetxeak.org\/\"><u><b>(EBI)<\/b><\/u><\/a> que trabajamos en diferentes \u00e1mbitos de manera conjunta compartiendo experiencias y aprendizajes.<\/p><p align=\"justify\">A d\u00eda de hoy la Ikastola cuenta con 500 alumnos y alumnas que inician su andadura con nosotros\/as en el aula de 2 a\u00f1os y una vez finalizada su etapa infantil contin\u00faan su recorrido hasta bachillerato en <a href=\"https:\/\/www.indautxujesuitak.org\/\"><u><b>Jesuitas Indautxu<\/b><\/u><\/a><a href=\"https:\/\/www.indautxujesuitak.org\/\"><u>,<\/u><\/a> centro al que estamos adscritos.<\/p>\t\t\t\t\t<\/div>\n\t\t\t\t\t\t<\/div>\n\t\t\t\t<\/div>\n\t\t\t\t\t\t<\/div>\n\t\t\t\t\t<\/div>\n\t\t<\/div>\n\t\t\t\t\t\t\t\t<\/div>\n\t\t\t\t\t<\/div>\n\t\t<\/section>\n\t\t\t\t\t\t<\/div>\n\t\t\t\t\t<\/div>\n\t\t<\/div>\n\t\t\t\t\t\t\t\t<\/div>\n\t\t\t\t\t<\/div>\n\t\t<\/section>\n\t\t\t\t\t\t<\/div>\n\t\t\t\t\t\t<\/div>\n\t\t\t\t\t<\/div>\n\t\t","protected":false},"excerpt":{"rendered":"<p>Qui\u00e9nes somos Fundamos Iparragirre ikastola en el a\u00f1o 2014. Ese a\u00f1o la Di\u00f3cesis de Bilbao unific\u00f3 Karmengo Ikastola, creada en el a\u00f1o 1970 e Iparragirre Eskolaurre, creada el a\u00f1o 1972, [&hellip;]<\/p>\n","protected":false},"author":1,"featured_media":0,"parent":691,"menu_order":0,"comment_status":"closed","ping_status":"closed","template":"","meta":{"ngg_post_thumbnail":0},"_links":{"self":[{"href":"https:\/\/www.iparragirre.org\/es\/wp-json\/wp\/v2\/pages\/543"}],"collection":[{"href":"https:\/\/www.iparragirre.org\/es\/wp-json\/wp\/v2\/pages"}],"about":[{"href":"https:\/\/www.iparragirre.org\/es\/wp-json\/wp\/v2\/types\/page"}],"author":[{"embeddable":true,"href":"https:\/\/www.iparragirre.org\/es\/wp-json\/wp\/v2\/users\/1"}],"replies":[{"embeddable":true,"href":"https:\/\/www.iparragirre.org\/es\/wp-json\/wp\/v2\/comments?post=543"}],"version-history":[{"count":7,"href":"https:\/\/www.iparragirre.org\/es\/wp-json\/wp\/v2\/pages\/543\/revisions"}],"predecessor-version":[{"id":9768,"href":"https:\/\/www.iparragirre.org\/es\/wp-json\/wp\/v2\/pages\/543\/revisions\/9768"}],"up":[{"embeddable":true,"href":"https:\/\/www.iparragirre.org\/es\/wp-json\/wp\/v2\/pages\/691"}],"wp:attachment":[{"href":"https:\/\/www.iparragirre.org\/es\/wp-json\/wp\/v2\/media?parent=543"}],"curies":[{"name":"wp","href":"https:\/\/api.w.org\/{rel}","templated":true}]}}