{"id":674,"date":"2021-04-19T15:09:10","date_gmt":"2021-04-19T14:09:10","guid":{"rendered":"http:\/\/www.iparragirre.org\/?page_id=674"},"modified":"2021-06-24T10:18:08","modified_gmt":"2021-06-24T09:18:08","slug":"atencion-a-la-diversidad","status":"publish","type":"page","link":"https:\/\/www.iparragirre.org\/es\/proyecto-educativo\/atencion-a-la-diversidad\/","title":{"rendered":"Atenci\u00f3n a la diversidad"},"content":{"rendered":"\t\t<div data-elementor-type=\"wp-page\" data-elementor-id=\"674\" class=\"elementor elementor-674\" data-elementor-settings=\"[]\">\n\t\t\t\t\t\t<div class=\"elementor-inner\">\n\t\t\t\t\t\t\t<div class=\"elementor-section-wrap\">\n\t\t\t\t\t\t\t<section class=\"elementor-section elementor-top-section elementor-element elementor-element-4733899 elementor-section-boxed elementor-section-height-default elementor-section-height-default\" data-id=\"4733899\" data-element_type=\"section\">\n\t\t\t\t\t\t<div class=\"elementor-container elementor-column-gap-default\">\n\t\t\t\t\t\t\t<div class=\"elementor-row\">\n\t\t\t\t\t<div class=\"elementor-column elementor-col-100 elementor-top-column elementor-element elementor-element-db23d36\" data-id=\"db23d36\" data-element_type=\"column\">\n\t\t\t<div class=\"elementor-column-wrap elementor-element-populated\">\n\t\t\t\t\t\t\t<div class=\"elementor-widget-wrap\">\n\t\t\t\t\t\t<div class=\"elementor-element elementor-element-4372b1d elementor-widget elementor-widget-heading\" data-id=\"4372b1d\" data-element_type=\"widget\" data-widget_type=\"heading.default\">\n\t\t\t\t<div class=\"elementor-widget-container\">\n\t\t\t<h2 class=\"elementor-heading-title elementor-size-default\">Atenci\u00f3n a la diversidad<\/h2>\t\t<\/div>\n\t\t\t\t<\/div>\n\t\t\t\t<div class=\"elementor-element elementor-element-9cecb93 elementor-widget elementor-widget-text-editor\" data-id=\"9cecb93\" data-element_type=\"widget\" data-widget_type=\"text-editor.default\">\n\t\t\t\t<div class=\"elementor-widget-container\">\n\t\t\t\t\t\t\t\t<div class=\"elementor-text-editor elementor-clearfix\">\n\t\t\t\t<p><mark>En nuestra Ikastola hay sitio para todo el alumnado, en la diversidad est\u00e1 la riqueza.<\/mark><\/p><p><strong>Aula de apoyo: <\/strong><\/p><p>Para dar respuesta a la diversidad y ofrecer una propuesta educativa de calidad, en Iparragirre Ikastola el Aula de apoyo est\u00e1 al servicio constante de nuestro alumnado. Partiendo de las necesidades de cada persona, nos comprometemos a garantizar una <strong>ense\u00f1anza individualizada<\/strong> respetando el ritmo y las necesidades propias de cada uno\/a de nuestros alumnos\/as.<\/p><p>Con el fin de poder dar la atenci\u00f3n necesaria, es importante detectar a tiempo las necesidades educativas que puedan tener nuestros txikis. Para ello, adem\u00e1s de los y las tutoras, disponemos de un departamento de orientaci\u00f3n. Este equipo lo forman una profesora especializada (PT), una especialista de apoyo educativo (EAE) y varios profesores que dan refuerzo educativo.<\/p><p><strong>\u00bfQu\u00e9 es lo que queremos conseguir?<\/strong><\/p><p><strong><em><img loading=\"lazy\" class=\"aligncenter wp-image-939 size-large\" src=\"http:\/\/www.iparragirre.org\/wp-content\/uploads\/2021\/04\/PUZZLE-1024x341.jpg\" alt=\"\" width=\"800\" height=\"266\" srcset=\"https:\/\/www.iparragirre.org\/wp-content\/uploads\/2021\/04\/PUZZLE-1024x341.jpg 1024w, https:\/\/www.iparragirre.org\/wp-content\/uploads\/2021\/04\/PUZZLE-300x100.jpg 300w, https:\/\/www.iparragirre.org\/wp-content\/uploads\/2021\/04\/PUZZLE-768x256.jpg 768w, https:\/\/www.iparragirre.org\/wp-content\/uploads\/2021\/04\/PUZZLE.jpg 1242w\" sizes=\"(max-width: 800px) 100vw, 800px\" \/><\/em>\u00a0<\/strong><\/p><h5><strong><span style=\"color: #e2007f;\">COLABORACI\u00d3N<\/span><\/strong><\/h5><p>El o la tutora y la familia trabajan conjuntamente y de forma coordinada. Del mismo modo lo hacemos con los servicios externos, Berritzegune, psic\u00f3logos, logopedas, Osakidetza\u2026 o cualquier otro agente que intervenga en el proceso de seguimiento de nuestros\/as alumnos\/as y que favorezca su desarrollo.<\/p><h5><strong><span style=\"color: #00a3e9;\">INDIVIDUALIZADO<\/span><\/strong><\/h5><p>El objetivo principal del Aula de Apoyo es ofrecer al alumnado una ense\u00f1anza individualizada, teniendo en cuenta cu\u00e1les son las necesidades de cada persona.<\/p><h5><strong><span style=\"color: #fed131;\">CONSTRUYENDO CAMINO<\/span><\/strong><\/h5><p>Se ofrece y se da ayuda a cualquier alumno o alumna de la Ikastola que necesite ayuda complementaria en cualquier \u00e1rea del desarrollo o en el \u00e1rea acad\u00e9mica.<\/p><p>Para dar respuesta a estas necesidades se dise\u00f1an materiales y actividades tanto para realizar en el aula como para hacer de forma individualizada.<\/p><h5><strong><span style=\"color: #97c02d;\">INCLUSI\u00d3N<\/span><\/strong><\/h5><p>Como cada persona es \u00fanica, desde el Aula de Apoyo, se tienen en cuenta las fortalezas y debilidades de la infancia. Trabajamos para que sean personas sociables y que sepan trabajar de forma conjunta, es decir, impulsamos las relaciones personales, dando importancia al acercamiento a sus iguales para que se comuniquen, desarrollen su autonom\u00eda y se integren como uno\/a m\u00e1s.<\/p>\t\t\t\t\t<\/div>\n\t\t\t\t\t\t<\/div>\n\t\t\t\t<\/div>\n\t\t\t\t\t\t<\/div>\n\t\t\t\t\t<\/div>\n\t\t<\/div>\n\t\t\t\t\t\t\t\t<\/div>\n\t\t\t\t\t<\/div>\n\t\t<\/section>\n\t\t\t\t\t\t<\/div>\n\t\t\t\t\t\t<\/div>\n\t\t\t\t\t<\/div>\n\t\t","protected":false},"excerpt":{"rendered":"<p>Atenci\u00f3n a la diversidad En nuestra Ikastola hay sitio para todo el alumnado, en la diversidad est\u00e1 la riqueza. Aula de apoyo: Para dar respuesta a la diversidad y ofrecer [&hellip;]<\/p>\n","protected":false},"author":1,"featured_media":0,"parent":658,"menu_order":0,"comment_status":"closed","ping_status":"closed","template":"","meta":{"ngg_post_thumbnail":0},"_links":{"self":[{"href":"https:\/\/www.iparragirre.org\/es\/wp-json\/wp\/v2\/pages\/674"}],"collection":[{"href":"https:\/\/www.iparragirre.org\/es\/wp-json\/wp\/v2\/pages"}],"about":[{"href":"https:\/\/www.iparragirre.org\/es\/wp-json\/wp\/v2\/types\/page"}],"author":[{"embeddable":true,"href":"https:\/\/www.iparragirre.org\/es\/wp-json\/wp\/v2\/users\/1"}],"replies":[{"embeddable":true,"href":"https:\/\/www.iparragirre.org\/es\/wp-json\/wp\/v2\/comments?post=674"}],"version-history":[{"count":1,"href":"https:\/\/www.iparragirre.org\/es\/wp-json\/wp\/v2\/pages\/674\/revisions"}],"predecessor-version":[{"id":3939,"href":"https:\/\/www.iparragirre.org\/es\/wp-json\/wp\/v2\/pages\/674\/revisions\/3939"}],"up":[{"embeddable":true,"href":"https:\/\/www.iparragirre.org\/es\/wp-json\/wp\/v2\/pages\/658"}],"wp:attachment":[{"href":"https:\/\/www.iparragirre.org\/es\/wp-json\/wp\/v2\/media?parent=674"}],"curies":[{"name":"wp","href":"https:\/\/api.w.org\/{rel}","templated":true}]}}